{"id":131,"date":"2018-11-02T11:56:51","date_gmt":"2018-11-02T11:56:51","guid":{"rendered":"http:\/\/www.soodlepoodle.net\/blog\/?page_id=131"},"modified":"2019-09-13T06:34:13","modified_gmt":"2019-09-13T06:34:13","slug":"a-new-kind-of-handbagigkeit","status":"publish","type":"page","link":"http:\/\/www.soodlepoodle.net\/blog\/index.php\/a-new-kind-of-handbagigkeit\/","title":{"rendered":"A New Kind of HandBagigkeit"},"content":{"rendered":"<p>Das gro\u00dfe Thema <strong>Soodlepoodle&#8217;s Handbag Experience<\/strong>, startete im April 2017, als aus dem unerwarteten Off die Idee her drang, aus meinen bunten <a href=\"http:\/\/www.soodlepoodle.net\/pinxography\/\" target=\"_blank\" rel=\"noopener\">PinXoGraphien<\/a> &#8220;doch Handtaschen zu machen&#8221;.<\/p>\n<p>Sie erreichte mich derart unerwartet, da\u00df ich erst nach zwei Wochen lang innerlich Kopfsch\u00fctteln das Ganze einfach mal digital ausprobierte: Handtaschenumri\u00df aus nem &#8220;wei\u00dfen Karton&#8221; ausgeschnitten und \u00fcber die Bilder &#8220;gehalten&#8221;.<a href=\"http:\/\/www.soodlepoodle.net\/\/blog\/wp-content\/uploads\/2017\/05\/hbk-nnn-scanp-170529-482c-s.jpg\" target=\"_blank\" rel=\"noopener\"><img decoding=\"async\" src=\"http:\/\/www.soodlepoodle.net\/\/blog\/wp-content\/uploads\/2017\/05\/hbk-nnn-scanp-170529-482c-s.jpg\" \/><\/a><\/p>\n<p>Dann gings Schlag auf Schlag, wie man hier in blogtypisch umgekehrt chronologischer Reihenfolge lesen kann:<\/p>\n<ul>\n<li><a href=\"http:\/\/www.soodlepoodle.net\/blog\/index.php\/2019\/08\/15\/handtaschenbauplatze-die-dritte-stufe-der-pinxographie\/\" target=\"_blank\" rel=\"bookmark noopener\">Handtaschenbaupl\u00e4tze \u2013 die dritte Stufe der PinXoGraphie<\/a><\/li>\n<li><a href=\"http:\/\/www.soodlepoodle.net\/blog\/index.php\/2019\/07\/25\/schonheit-ohne-symmetrie-nicht-nur-eine-handtaschen-challenge\/\" target=\"_blank\" rel=\"bookmark noopener\">Sch\u00f6nheit ohne Symmetrie! Nicht nur eine Handtaschen-Challenge..<\/a><\/li>\n<li><a href=\"http:\/\/www.soodlepoodle.net\/blog\/index.php\/2019\/03\/28\/griffigkeit-kennt-kein-pardon\/\" target=\"_blank\" rel=\"bookmark noopener\">Griffigkeit kennt kein Pardon<\/a><\/li>\n<li><a href=\"http:\/\/www.soodlepoodle.net\/blog\/index.php\/2019\/01\/01\/of-all-things-could-handbags-save-the-world\/\" target=\"_blank\" rel=\"noopener\">Of All Things: Could Handbags Save The World?<\/a><\/li>\n<li><a href=\"http:\/\/www.soodlepoodle.net\/blog\/index.php\/2018\/12\/30\/ausgerechnet-handtaschen-sollen-die-welt-retten\/\" target=\"_blank\" rel=\"noopener\">Ausgerechnet Handtaschen sollen die Welt retten??<\/a><\/li>\n<li><a href=\"http:\/\/www.soodlepoodle.net\/blog\/index.php\/2018\/11\/09\/handbag-poster-nr-1\/\" target=\"_blank\" rel=\"noopener\">Handbag Poster Nr. 1<\/a><\/li>\n<li><a href=\"http:\/\/www.soodlepoodle.net\/blog\/index.php\/2018\/08\/21\/3x-schneiden-heften-legen-bitte\/\" rel=\"bookmark\">3x Schneiden, Heften, Legen, bitte!<\/a><\/li>\n<li>Nix da verwaiste Staffelei !<\/li>\n<li><a href=\"http:\/\/www.soodlepoodle.net\/blog\/index.php\/2018\/04\/17\/fruhlingstaschchen-gefallig\/\" target=\"_blank\" rel=\"noopener\">Fr\u00fchlingst\u00e4schchen gef\u00e4llig?<\/a><\/li>\n<li><a href=\"http:\/\/www.soodlepoodle.net\/blog\/index.php\/2018\/04\/15\/so-up-wie-kristian-so-knallig-wie-txema-so-geheimnisvoll-wie-elizaveta\/\" target=\"_blank\" rel=\"noopener\">So Up wie Kristian, so knallig wie Txema, so geheimnisvoll wie Elisaveta<\/a><\/li>\n<li><a href=\"http:\/\/www.soodlepoodle.net\/blog\/index.php\/2018\/04\/05\/achtung-achtung-sie-verlassen-den-virtuellen-sektor\/\" target=\"_blank\" rel=\"noopener\">Achtung! Achtung! Sie verlassen den virtuellen Sektor!\u00a0\u00a0<\/a><\/li>\n<li><a href=\"http:\/\/www.soodlepoodle.net\/blog\/index.php\/2018\/02\/26\/name-that-bag-oder-na-wie-heist-denn-du-mein-kleines-taschchen\/\" target=\"_blank\" rel=\"noopener\">Name That Bag! oder: Na, wie hei\u00dft denn Du, mein kleines T\u00e4schchen?<\/a><\/li>\n<li><a href=\"http:\/\/www.soodlepoodle.net\/blog\/index.php\/2018\/02\/09\/die-damenhandtasche-als-malerleinwand\/\" target=\"_blank\" rel=\"noopener\">Die DamenHandtasche als MalerLeinwand<\/a><\/li>\n<li><a href=\"http:\/\/www.soodlepoodle.net\/blog\/index.php\/2018\/01\/23\/more-than-a-gaudi-handbaghoizhoiftnsagn\/\" target=\"_blank\" rel=\"noopener\">More Than A Gaudi: H\u00e4ndB\u00e4gHoizH\u00f6iftnS\u00e4gn!<\/a><\/li>\n<li><a href=\"http:\/\/www.soodlepoodle.net\/blog\/index.php\/2018\/01\/05\/stop-in-the-name-of-handbag-love\/\" target=\"_blank\" rel=\"noopener\">Stop! In The Name Of (HandBag) Love!<\/a><\/li>\n<li>Best Of Starts: Vridaa mit dem Doppel-AA<\/li>\n<li><a href=\"http:\/\/www.soodlepoodle.net\/blog\/index.php\/2017\/12\/22\/mein-schlafhirn-liefert-holz\/\" target=\"_blank\" rel=\"noopener\">Mein SchlafHirn liefert.. Holz<\/a><\/li>\n<li>Crash Test Hand Bags w\/ M.C. Escher und Hieronymus B.<\/li>\n<li>1x Hand Bagab Wicklung, bitte!<\/li>\n<li><a href=\"http:\/\/www.soodlepoodle.net\/blog\/index.php\/2017\/12\/02\/ich-brauch-nen-clip\/\" target=\"_blank\" rel=\"noopener\">Ich brauch nen Clip!<\/a><\/li>\n<li><a href=\"http:\/\/www.soodlepoodle.net\/blog\/index.php\/2017\/11\/10\/die-handtasche-als-visitenkarte\/\" target=\"_blank\" rel=\"noopener\">Die Handtasche als Visitenkarte<\/a><\/li>\n<li><a href=\"http:\/\/www.soodlepoodle.net\/blog\/index.php\/2017\/10\/18\/gesucht-handtaschentragerin-typ-high-class\/\" target=\"_blank\" rel=\"noopener\">Gesucht: HANDTASCHENTR\u00c4GERIN. Typ: HIGH CLASS<\/a>.<\/li>\n<li>stitches\u2019 brew part one<\/li>\n<li><a href=\"http:\/\/www.soodlepoodle.net\/blog\/index.php\/2017\/09\/01\/bunt-knallig-experimentell-the-perfect-handbag-fit-also\/\" target=\"_blank\" rel=\"noopener\">Bunt. Knallig. Experimentell. The Perfect Handbag Fit also.<\/a><\/li>\n<li>Handta Schener Spiegler<\/li>\n<li>Hasenklatsch in Rabbitfur<\/li>\n<li><a href=\"http:\/\/www.soodlepoodle.net\/blog\/index.php\/2017\/06\/01\/handtaschenrauber-handtaschenrauber-uberall-uberall-handtaschenrauber\/\" target=\"_blank\" rel=\"noopener\">Handtaschenr\u00e4uber, Handtaschenr\u00e4uber, \u00fcberall, \u00fcberall Handtaschenr\u00e4uber!<\/a><\/li>\n<\/ul>\n<p><a href=\"http:\/\/www.soodlepoodle.net\/handbags\/bilder\/start-hbk-ebk-151110-215c_r.jpg\" target=\"_blank\" rel=\"noopener\"><img decoding=\"async\" src=\"http:\/\/www.soodlepoodle.net\/handbags\/bilder\/start-hbk-ebk-151110-215c_r.jpg\" \/><\/a><\/p>\n<p>&nbsp;<\/p>\n","protected":false},"excerpt":{"rendered":"<p>Das gro\u00dfe Thema Soodlepoodle&#8217;s Handbag Experience, startete im April 2017, als aus dem unerwarteten Off die Idee her drang, aus meinen bunten PinXoGraphien &#8220;doch Handtaschen zu machen&#8221;. Sie erreichte mich derart unerwartet, da\u00df ich erst nach zwei Wochen lang innerlich Kopfsch\u00fctteln das Ganze einfach mal digital ausprobierte: Handtaschenumri\u00df aus nem &#8220;wei\u00dfen Karton&#8221; ausgeschnitten und \u00fcber &hellip; <a href=\"http:\/\/www.soodlepoodle.net\/blog\/index.php\/a-new-kind-of-handbagigkeit\/\" class=\"more-link\">Continue reading <span class=\"screen-reader-text\">A New Kind of HandBagigkeit<\/span> <span class=\"meta-nav\">&rarr;<\/span><\/a><\/p>\n","protected":false},"author":1,"featured_media":0,"parent":0,"menu_order":0,"comment_status":"closed","ping_status":"closed","template":"","meta":[],"_links":{"self":[{"href":"http:\/\/www.soodlepoodle.net\/blog\/index.php\/wp-json\/wp\/v2\/pages\/131"}],"collection":[{"href":"http:\/\/www.soodlepoodle.net\/blog\/index.php\/wp-json\/wp\/v2\/pages"}],"about":[{"href":"http:\/\/www.soodlepoodle.net\/blog\/index.php\/wp-json\/wp\/v2\/types\/page"}],"author":[{"embeddable":true,"href":"http:\/\/www.soodlepoodle.net\/blog\/index.php\/wp-json\/wp\/v2\/users\/1"}],"replies":[{"embeddable":true,"href":"http:\/\/www.soodlepoodle.net\/blog\/index.php\/wp-json\/wp\/v2\/comments?post=131"}],"version-history":[{"count":29,"href":"http:\/\/www.soodlepoodle.net\/blog\/index.php\/wp-json\/wp\/v2\/pages\/131\/revisions"}],"predecessor-version":[{"id":3389,"href":"http:\/\/www.soodlepoodle.net\/blog\/index.php\/wp-json\/wp\/v2\/pages\/131\/revisions\/3389"}],"wp:attachment":[{"href":"http:\/\/www.soodlepoodle.net\/blog\/index.php\/wp-json\/wp\/v2\/media?parent=131"}],"curies":[{"name":"wp","href":"https:\/\/api.w.org\/{rel}","templated":true}]}}